{"id":8,"date":"2024-02-27T08:13:32","date_gmt":"2024-02-27T07:13:32","guid":{"rendered":"https:\/\/werewolfmedia.ch\/?page_id=8"},"modified":"2024-02-27T08:13:32","modified_gmt":"2024-02-27T07:13:32","slug":"home","status":"publish","type":"page","link":"https:\/\/werewolfmedia.ch\/","title":{"rendered":"Home"},"content":{"rendered":"","protected":false},"excerpt":{"rendered":"","protected":false},"author":1,"featured_media":0,"parent":0,"menu_order":0,"comment_status":"closed","ping_status":"closed","template":"templates\/template-homepage.php","meta":{"footnotes":""},"yoast_head":"<!-- This site is optimized with the Yoast SEO plugin v23.5 - https:\/\/yoast.com\/wordpress\/plugins\/seo\/ -->\n<title>Home - WereWolf Media<\/title>\n<meta name=\"robots\" content=\"index, follow, max-snippet:-1, max-image-preview:large, max-video-preview:-1\" \/>\n<link rel=\"canonical\" href=\"https:\/\/werewolfmedia.ch\/\" \/>\n<meta property=\"og:locale\" content=\"fr_FR\" \/>\n<meta property=\"og:type\" content=\"article\" \/>\n<meta property=\"og:title\" content=\"Home - WereWolf Media\" \/>\n<meta property=\"og:url\" content=\"https:\/\/werewolfmedia.ch\/\" \/>\n<meta property=\"og:site_name\" content=\"WereWolf Media\" \/>\n<meta name=\"twitter:card\" content=\"summary_large_image\" \/>\n<script type=\"application\/ld+json\" class=\"yoast-schema-graph\">{\"@context\":\"https:\/\/schema.org\",\"@graph\":[{\"@type\":\"WebPage\",\"@id\":\"https:\/\/werewolfmedia.ch\/\",\"url\":\"https:\/\/werewolfmedia.ch\/\",\"name\":\"Home - WereWolf Media\",\"isPartOf\":{\"@id\":\"https:\/\/werewolfmedia.ch\/#website\"},\"datePublished\":\"2024-02-27T07:13:32+00:00\",\"dateModified\":\"2024-02-27T07:13:32+00:00\",\"breadcrumb\":{\"@id\":\"https:\/\/werewolfmedia.ch\/#breadcrumb\"},\"inLanguage\":\"fr-FR\",\"potentialAction\":[{\"@type\":\"ReadAction\",\"target\":[\"https:\/\/werewolfmedia.ch\/\"]}]},{\"@type\":\"BreadcrumbList\",\"@id\":\"https:\/\/werewolfmedia.ch\/#breadcrumb\",\"itemListElement\":[{\"@type\":\"ListItem\",\"position\":1,\"name\":\"Home\",\"item\":\"https:\/\/werewolfmedia.ch\/\"},{\"@type\":\"ListItem\",\"position\":2,\"name\":\"Home\"}]},{\"@type\":\"WebSite\",\"@id\":\"https:\/\/werewolfmedia.ch\/#website\",\"url\":\"https:\/\/werewolfmedia.ch\/\",\"name\":\"WereWolf Media\",\"description\":\"Cr\u00e9ez votre succ\u00e8s num\u00e9rique, de l'image \u00e0 la carri\u00e8re\",\"publisher\":{\"@id\":\"https:\/\/werewolfmedia.ch\/#organization\"},\"potentialAction\":[{\"@type\":\"SearchAction\",\"target\":{\"@type\":\"EntryPoint\",\"urlTemplate\":\"https:\/\/werewolfmedia.ch\/?s={search_term_string}\"},\"query-input\":{\"@type\":\"PropertyValueSpecification\",\"valueRequired\":true,\"valueName\":\"search_term_string\"}}],\"inLanguage\":\"fr-FR\"},{\"@type\":\"Organization\",\"@id\":\"https:\/\/werewolfmedia.ch\/#organization\",\"name\":\"WereWolf Media\",\"url\":\"https:\/\/werewolfmedia.ch\/\",\"logo\":{\"@type\":\"ImageObject\",\"inLanguage\":\"fr-FR\",\"@id\":\"https:\/\/werewolfmedia.ch\/#\/schema\/logo\/image\/\",\"url\":\"https:\/\/werewolfmedia.ch\/wp-content\/uploads\/2024\/02\/Logo_2024-scaled.jpg\",\"contentUrl\":\"https:\/\/werewolfmedia.ch\/wp-content\/uploads\/2024\/02\/Logo_2024-scaled.jpg\",\"width\":2560,\"height\":1463,\"caption\":\"WereWolf Media\"},\"image\":{\"@id\":\"https:\/\/werewolfmedia.ch\/#\/schema\/logo\/image\/\"}}]}<\/script>\n<!-- \/ Yoast SEO plugin. -->","yoast_head_json":{"title":"Home - WereWolf Media","robots":{"index":"index","follow":"follow","max-snippet":"max-snippet:-1","max-image-preview":"max-image-preview:large","max-video-preview":"max-video-preview:-1"},"canonical":"https:\/\/werewolfmedia.ch\/","og_locale":"fr_FR","og_type":"article","og_title":"Home - WereWolf Media","og_url":"https:\/\/werewolfmedia.ch\/","og_site_name":"WereWolf Media","twitter_card":"summary_large_image","schema":{"@context":"https:\/\/schema.org","@graph":[{"@type":"WebPage","@id":"https:\/\/werewolfmedia.ch\/","url":"https:\/\/werewolfmedia.ch\/","name":"Home - WereWolf Media","isPartOf":{"@id":"https:\/\/werewolfmedia.ch\/#website"},"datePublished":"2024-02-27T07:13:32+00:00","dateModified":"2024-02-27T07:13:32+00:00","breadcrumb":{"@id":"https:\/\/werewolfmedia.ch\/#breadcrumb"},"inLanguage":"fr-FR","potentialAction":[{"@type":"ReadAction","target":["https:\/\/werewolfmedia.ch\/"]}]},{"@type":"BreadcrumbList","@id":"https:\/\/werewolfmedia.ch\/#breadcrumb","itemListElement":[{"@type":"ListItem","position":1,"name":"Home","item":"https:\/\/werewolfmedia.ch\/"},{"@type":"ListItem","position":2,"name":"Home"}]},{"@type":"WebSite","@id":"https:\/\/werewolfmedia.ch\/#website","url":"https:\/\/werewolfmedia.ch\/","name":"WereWolf Media","description":"Cr\u00e9ez votre succ\u00e8s num\u00e9rique, de l'image \u00e0 la carri\u00e8re","publisher":{"@id":"https:\/\/werewolfmedia.ch\/#organization"},"potentialAction":[{"@type":"SearchAction","target":{"@type":"EntryPoint","urlTemplate":"https:\/\/werewolfmedia.ch\/?s={search_term_string}"},"query-input":{"@type":"PropertyValueSpecification","valueRequired":true,"valueName":"search_term_string"}}],"inLanguage":"fr-FR"},{"@type":"Organization","@id":"https:\/\/werewolfmedia.ch\/#organization","name":"WereWolf Media","url":"https:\/\/werewolfmedia.ch\/","logo":{"@type":"ImageObject","inLanguage":"fr-FR","@id":"https:\/\/werewolfmedia.ch\/#\/schema\/logo\/image\/","url":"https:\/\/werewolfmedia.ch\/wp-content\/uploads\/2024\/02\/Logo_2024-scaled.jpg","contentUrl":"https:\/\/werewolfmedia.ch\/wp-content\/uploads\/2024\/02\/Logo_2024-scaled.jpg","width":2560,"height":1463,"caption":"WereWolf Media"},"image":{"@id":"https:\/\/werewolfmedia.ch\/#\/schema\/logo\/image\/"}}]}},"_links":{"self":[{"href":"https:\/\/werewolfmedia.ch\/index.php?rest_route=\/wp\/v2\/pages\/8"}],"collection":[{"href":"https:\/\/werewolfmedia.ch\/index.php?rest_route=\/wp\/v2\/pages"}],"about":[{"href":"https:\/\/werewolfmedia.ch\/index.php?rest_route=\/wp\/v2\/types\/page"}],"author":[{"embeddable":true,"href":"https:\/\/werewolfmedia.ch\/index.php?rest_route=\/wp\/v2\/users\/1"}],"replies":[{"embeddable":true,"href":"https:\/\/werewolfmedia.ch\/index.php?rest_route=%2Fwp%2Fv2%2Fcomments&post=8"}],"version-history":[{"count":0,"href":"https:\/\/werewolfmedia.ch\/index.php?rest_route=\/wp\/v2\/pages\/8\/revisions"}],"wp:attachment":[{"href":"https:\/\/werewolfmedia.ch\/index.php?rest_route=%2Fwp%2Fv2%2Fmedia&parent=8"}],"curies":[{"name":"wp","href":"https:\/\/api.w.org\/{rel}","templated":true}]}}